{"id":5,"date":"2018-11-27T09:17:08","date_gmt":"2018-11-27T09:17:08","guid":{"rendered":"https:\/\/xn--caonerobrewery-rnb.com\/index.php\/about\/"},"modified":"2023-12-14T14:30:24","modified_gmt":"2023-12-14T14:30:24","slug":"quienes-somos","status":"publish","type":"page","link":"https:\/\/xn--caonerobrewery-rnb.com\/index.php\/quienes-somos\/","title":{"rendered":"Qui\u00e9nes somos"},"content":{"rendered":"\t\t<div data-elementor-type=\"wp-post\" data-elementor-id=\"5\" class=\"elementor elementor-5\">\n\t\t\t\t\t\t\t<div class=\"elementor-element elementor-element-5f02ddf e-con-full e-flex e-con e-parent\" data-id=\"5f02ddf\" data-element_type=\"container\" data-settings=\"{&quot;background_background&quot;:&quot;classic&quot;,&quot;content_width&quot;:&quot;full&quot;}\" data-core-v316-plus=\"true\">\n\t\t<div class=\"elementor-element elementor-element-0502d81 e-con-full e-flex e-con e-child\" data-id=\"0502d81\" data-element_type=\"container\" data-settings=\"{&quot;content_width&quot;:&quot;full&quot;}\">\n\t\t\t\t<div class=\"elementor-element elementor-element-03d202b elementor-widget elementor-widget-heading\" data-id=\"03d202b\" data-element_type=\"widget\" data-widget_type=\"heading.default\">\n\t\t\t\t<div class=\"elementor-widget-container\">\n\t\t\t<style>\/*! elementor - v3.17.0 - 08-11-2023 *\/\n.elementor-heading-title{padding:0;margin:0;line-height:1}.elementor-widget-heading .elementor-heading-title[class*=elementor-size-]>a{color:inherit;font-size:inherit;line-height:inherit}.elementor-widget-heading .elementor-heading-title.elementor-size-small{font-size:15px}.elementor-widget-heading .elementor-heading-title.elementor-size-medium{font-size:19px}.elementor-widget-heading .elementor-heading-title.elementor-size-large{font-size:29px}.elementor-widget-heading .elementor-heading-title.elementor-size-xl{font-size:39px}.elementor-widget-heading .elementor-heading-title.elementor-size-xxl{font-size:59px}<\/style><h1 class=\"elementor-heading-title elementor-size-default\">Qui\u00e9nes somos<\/h1>\t\t<\/div>\n\t\t\t\t<\/div>\n\t\t\t\t<\/div>\n\t\t\t\t<\/div>\n\t\t<div class=\"elementor-element elementor-element-70ded86 e-flex e-con-boxed e-con e-parent\" data-id=\"70ded86\" data-element_type=\"container\" data-settings=\"{&quot;content_width&quot;:&quot;boxed&quot;}\" data-core-v316-plus=\"true\">\n\t\t\t\t\t<div class=\"e-con-inner\">\n\t\t\t\t<div class=\"elementor-element elementor-element-7269635 elementor-widget elementor-widget-text-editor\" data-id=\"7269635\" data-element_type=\"widget\" data-widget_type=\"text-editor.default\">\n\t\t\t\t<div class=\"elementor-widget-container\">\n\t\t\t<style>\/*! elementor - v3.17.0 - 08-11-2023 *\/\n.elementor-widget-text-editor.elementor-drop-cap-view-stacked .elementor-drop-cap{background-color:#69727d;color:#fff}.elementor-widget-text-editor.elementor-drop-cap-view-framed .elementor-drop-cap{color:#69727d;border:3px solid;background-color:transparent}.elementor-widget-text-editor:not(.elementor-drop-cap-view-default) .elementor-drop-cap{margin-top:8px}.elementor-widget-text-editor:not(.elementor-drop-cap-view-default) .elementor-drop-cap-letter{width:1em;height:1em}.elementor-widget-text-editor .elementor-drop-cap{float:left;text-align:center;line-height:1;font-size:50px}.elementor-widget-text-editor .elementor-drop-cap-letter{display:inline-block}<\/style>\t\t\t\t<p><audio class=\"audio-for-speech\"><\/audio><\/p>\n<div class=\"translate-tooltip-mtz translator-hidden\">\n<div class=\"header\">\n<div class=\"header-controls\">Translator<\/div>\n<div class=\"header-controls\">&nbsp;<\/div>\n<div class=\"header-controls\">&nbsp;<\/div>\n<\/div>\n<div class=\"translated-text\">\n<div class=\"words\">&nbsp;<\/div>\n<div class=\"sentences\">&nbsp;<\/div>\n<\/div>\n<\/div>\n<h3>Bienvenidos a Ca\u00f1onero Brewery<\/h3>\n<p>En el coraz\u00f3n de nuestra pasi\u00f3n por la cerveza, nace Ca\u00f1onero Brewery: una cervecer\u00eda n\u00f3mada gestada por la amistad y la devoci\u00f3n compartida por la creaci\u00f3n de cervezas excepcionales. Somos un equipo de cuatro amigos con un sue\u00f1o com\u00fan: explorar los l\u00edmites de la innovaci\u00f3n cervecera mientras celebramos la camarader\u00eda.<\/p>\n<p><strong>Nuestra Historia:<\/strong> Hace unos a\u00f1os, cuatro almas cerveceras se unieron con la visi\u00f3n de llevar la experiencia cervecera a nuevos horizontes. Ca\u00f1onero Brewery no solo es el fruto de esa visi\u00f3n, sino tambi\u00e9n de nuestras experiencias, risas compartidas y la convicci\u00f3n de que cada cerveza cuenta una historia \u00fanica.<\/p>\n<p><strong>El Esp\u00edritu N\u00f3mada:<\/strong> Nos consideramos cerveceros n\u00f3madas, exploradores incansables en busca de sabores que despierten emociones. Nos movemos de lugar en lugar, colaborando con talentosos productores y llevando nuestras creaciones a todos los rincones donde se aprecia la buena cerveza.<\/p>\n<p><strong>Nuestro Compromiso:<\/strong> En Ca\u00f1onero Brewery, la calidad es nuestra br\u00fajula y la creatividad nuestro combustible. Nos comprometemos a ofrecer cervezas que no solo satisfacen los paladares, sino que tambi\u00e9n cuentan la historia de nuestro viaje cervecero. Cada lote es una nueva aventura, y cada sorbo es un paso m\u00e1s en nuestro emocionante recorrido.<\/p>\n<p><strong>\u00danete a Nuestra Aventura:<\/strong> Te invitamos a ser parte de esta traves\u00eda cervecera. Explora nuestra selecci\u00f3n \u00fanica de cervezas, sigue nuestras andanzas y comparte con nosotros el amor por la buena compa\u00f1\u00eda y las experiencias que solo una excelente cerveza puede brindar.<\/p>\n<p>\u00a1Salud a nuevos amigos y momentos cerveceros inolvidables!<\/p>\n<p>El Equipo de Ca\u00f1onero Brewery<\/p>\t\t\t\t\t\t<\/div>\n\t\t\t\t<\/div>\n\t\t\t\t\t<\/div>\n\t\t\t\t<\/div>\n\t\t\t\t\t\t\t<\/div>\n\t\t","protected":false},"excerpt":{"rendered":"<p>Qui\u00e9nes somos Translator &nbsp; &nbsp; &nbsp; &nbsp; Bienvenidos a Ca\u00f1onero Brewery En el coraz\u00f3n de nuestra pasi\u00f3n por la cerveza, nace Ca\u00f1onero Brewery: una cervecer\u00eda n\u00f3mada gestada por la amistad y la devoci\u00f3n compartida por la creaci\u00f3n de cervezas excepcionales. Somos un equipo de cuatro amigos con un sue\u00f1o com\u00fan: explorar los l\u00edmites de la &hellip;<\/p>\n<p class=\"read-more\"> <a class=\"\" href=\"https:\/\/xn--caonerobrewery-rnb.com\/index.php\/quienes-somos\/\"> <span class=\"screen-reader-text\">Qui\u00e9nes somos<\/span> Leer m\u00e1s &raquo;<\/a><\/p>\n","protected":false},"author":2,"featured_media":0,"parent":0,"menu_order":0,"comment_status":"closed","ping_status":"closed","template":"elementor_theme","meta":{"_eb_attr":"","om_disable_all_campaigns":false,"_mi_skip_tracking":false,"_monsterinsights_sitenote_active":false,"_monsterinsights_sitenote_note":"","_monsterinsights_sitenote_category":0,"site-sidebar-layout":"no-sidebar","site-content-layout":"page-builder","ast-site-content-layout":"full-width-container","site-content-style":"unboxed","site-sidebar-style":"unboxed","ast-global-header-display":"","ast-banner-title-visibility":"","ast-main-header-display":"","ast-hfb-above-header-display":"","ast-hfb-below-header-display":"","ast-hfb-mobile-header-display":"","site-post-title":"disabled","ast-breadcrumbs-content":"","ast-featured-img":"disabled","footer-sml-layout":"","theme-transparent-header-meta":"enabled","adv-header-id-meta":"","stick-header-meta":"","header-above-stick-meta":"","header-main-stick-meta":"","header-below-stick-meta":"","astra-migrate-meta-layouts":"set","ast-page-background-enabled":"default","ast-page-background-meta":{"desktop":{"background-color":"","background-image":"","background-repeat":"repeat","background-position":"center center","background-size":"auto","background-attachment":"scroll","background-type":"","background-media":"","overlay-type":"","overlay-color":"","overlay-gradient":""},"tablet":{"background-color":"","background-image":"","background-repeat":"repeat","background-position":"center center","background-size":"auto","background-attachment":"scroll","background-type":"","background-media":"","overlay-type":"","overlay-color":"","overlay-gradient":""},"mobile":{"background-color":"","background-image":"","background-repeat":"repeat","background-position":"center center","background-size":"auto","background-attachment":"scroll","background-type":"","background-media":"","overlay-type":"","overlay-color":"","overlay-gradient":""}},"ast-content-background-meta":{"desktop":{"background-color":"var(--ast-global-color-5)","background-image":"","background-repeat":"repeat","background-position":"center center","background-size":"auto","background-attachment":"scroll","background-type":"","background-media":"","overlay-type":"","overlay-color":"","overlay-gradient":""},"tablet":{"background-color":"var(--ast-global-color-5)","background-image":"","background-repeat":"repeat","background-position":"center center","background-size":"auto","background-attachment":"scroll","background-type":"","background-media":"","overlay-type":"","overlay-color":"","overlay-gradient":""},"mobile":{"background-color":"var(--ast-global-color-5)","background-image":"","background-repeat":"repeat","background-position":"center center","background-size":"auto","background-attachment":"scroll","background-type":"","background-media":"","overlay-type":"","overlay-color":"","overlay-gradient":""}}},"aioseo_notices":[],"_links":{"self":[{"href":"https:\/\/xn--caonerobrewery-rnb.com\/index.php\/wp-json\/wp\/v2\/pages\/5"}],"collection":[{"href":"https:\/\/xn--caonerobrewery-rnb.com\/index.php\/wp-json\/wp\/v2\/pages"}],"about":[{"href":"https:\/\/xn--caonerobrewery-rnb.com\/index.php\/wp-json\/wp\/v2\/types\/page"}],"author":[{"embeddable":true,"href":"https:\/\/xn--caonerobrewery-rnb.com\/index.php\/wp-json\/wp\/v2\/users\/2"}],"replies":[{"embeddable":true,"href":"https:\/\/xn--caonerobrewery-rnb.com\/index.php\/wp-json\/wp\/v2\/comments?post=5"}],"version-history":[{"count":17,"href":"https:\/\/xn--caonerobrewery-rnb.com\/index.php\/wp-json\/wp\/v2\/pages\/5\/revisions"}],"predecessor-version":[{"id":1667,"href":"https:\/\/xn--caonerobrewery-rnb.com\/index.php\/wp-json\/wp\/v2\/pages\/5\/revisions\/1667"}],"wp:attachment":[{"href":"https:\/\/xn--caonerobrewery-rnb.com\/index.php\/wp-json\/wp\/v2\/media?parent=5"}],"curies":[{"name":"wp","href":"https:\/\/api.w.org\/{rel}","templated":true}]}}